{"id":138,"date":"2025-05-05T13:02:37","date_gmt":"2025-05-05T13:02:37","guid":{"rendered":"https:\/\/thedailycripto.com\/?page_id=138"},"modified":"2025-05-05T13:16:15","modified_gmt":"2025-05-05T13:16:15","slug":"about-us","status":"publish","type":"page","link":"https:\/\/thedailycripto.com\/es\/about-us\/","title":{"rendered":"Sobre nosotros"},"content":{"rendered":"<p>Bienvenido a <em>El cripto diario<\/em> \u2014 su destino confiable para obtener informaci\u00f3n financiera confiable, con un enfoque dedicado al mundo de <strong>criptomonedas<\/strong>, finanzas personales y tendencias econ\u00f3micas. <\/p>\n\n\n\n<p>Ofrecemos revisiones expertas de herramientas financieras, an\u00e1lisis en profundidad del comportamiento del mercado y asesoramiento pr\u00e1ctico para ayudarlo a tomar decisiones seguras e informadas. <\/p>\n\n\n\n<p>Ya sea que est\u00e9 administrando un presupuesto familiar, explorando oportunidades de inversi\u00f3n o sumergi\u00e9ndose en el espacio criptogr\u00e1fico en r\u00e1pida evoluci\u00f3n, <em>El cripto diario<\/em> Est\u00e1 aqu\u00ed para mantenerte informado y un paso adelante.<\/p>\n\n\n\n<h3 class=\"wp-block-heading\">Quienes somos.<\/h3>\n\n\n\n<p>En <em>El cripto diario<\/em>Somos un equipo de profesionales con conocimientos financieros, investigadores de criptomonedas y entusiastas de los activos digitales, comprometidos con desmitificar el mundo financiero. Nuestro objetivo es simplificar la complejidad y ofrecer informaci\u00f3n honesta y bien documentada que aporte valor real. <\/p>\n\n\n\n<p>Desde la revisi\u00f3n de plataformas blockchain de vanguardia hasta la explicaci\u00f3n de lo \u00faltimo en tecnolog\u00eda financiera y finanzas descentralizadas (DeFi), capacitamos a las personas para que tomen el control de su futuro financiero con confianza y claridad.<\/p>\n\n\n\n<h3 class=\"wp-block-heading\">Lo que ofrecemos.<\/h3>\n\n\n\n<p>En <em>El cripto diario<\/em>Creamos contenido tanto para lectores habituales como para quienes buscan herramientas confiables y una comprensi\u00f3n financiera m\u00e1s profunda. Esto es lo que puede esperar:<\/p>\n\n\n\n<p>\u2714 <strong>Las mejores herramientas financieras y de criptomonedas<\/strong> \u2013 Descubra potentes aplicaciones de presupuesto, plataformas de inversi\u00f3n e intercambios de criptomonedas para simplificar su vida financiera y desbloquear nuevas oportunidades.<\/p>\n\n\n\n<p>\u2714 <strong>Gu\u00edas financieras y de criptomonedas paso a paso<\/strong> \u2013 Aprenda a navegar por cr\u00e9ditos, ahorros, billeteras blockchain, protocolos DeFi y m\u00e1s a trav\u00e9s de tutoriales f\u00e1ciles de seguir para todos los niveles de experiencia.<\/p>\n\n\n\n<p>\u2714 <strong>\u00daltimas perspectivas sobre criptomonedas y finanzas<\/strong> \u2013 Mant\u00e9ngase actualizado sobre las tendencias de activos digitales, los cambios regulatorios, los movimientos del mercado y el futuro de las tecnolog\u00edas fintech y descentralizadas.<\/p>\n\n\n\n<p>\u2714 <strong>An\u00e1lisis financiero y de blockchain en profundidad<\/strong> \u2013 Comprenda el impacto m\u00e1s amplio de la inflaci\u00f3n, las tasas de inter\u00e9s y la adopci\u00f3n de criptomonedas en sus finanzas personales y decisiones de inversi\u00f3n.<\/p>\n\n\n\n<p>\u2714 <strong>Rese\u00f1as imparciales<\/strong> \u2013 Nuestras evaluaciones independientes de productos financieros tradicionales y criptogr\u00e1ficos brindan informaci\u00f3n clara y basada en evidencia para respaldar decisiones m\u00e1s inteligentes.<\/p>\n\n\n\n<h3 class=\"wp-block-heading\">Aviso legal.<\/h3>\n\n\n\n<p><em>El cripto diario<\/em> Opera como una fuente independiente de informaci\u00f3n financiera y sobre criptomonedas. No estamos afiliados a ning\u00fan banco, plataforma blockchain ni proveedor de servicios que aparezca en este sitio. Todo el contenido se investiga cuidadosamente y se presenta de forma objetiva para ayudar a los lectores a navegar tanto por las finanzas tradicionales como por el emergente mundo de los activos digitales.<\/p>\n\n\n\n<p>Nuestras rese\u00f1as, gu\u00edas y recomendaciones son solo para fines informativos y no deben considerarse avales, patrocinios ni asesoramiento financiero formal. Si bien nos esforzamos por ser precisos e imparciales, recomendamos encarecidamente a los usuarios que investiguen por su cuenta antes de tomar decisiones financieras o de inversi\u00f3n basadas en nuestro contenido.<\/p>\n\n\n\n<p>Nuestra misi\u00f3n es clara: proporcionar contenido transparente, confiable y exhaustivamente investigado que le permita explorar el panorama financiero y criptogr\u00e1fico con claridad y confianza.<\/p>","protected":false},"excerpt":{"rendered":"<p>Welcome to The Daily Cripto \u2014 your trusted destination for reliable financial insight, with a dedicated focus on the world of cryptocurrencies, personal finance, and economic trends. We deliver expert reviews of financial tools, in-depth analysis of market behaviour, and practical advice to help you make confident, informed decisions. Whether you&#8217;re managing a household budget, [&hellip;]<\/p>","protected":false},"author":6,"featured_media":0,"parent":0,"menu_order":0,"comment_status":"closed","ping_status":"closed","template":"","meta":{"footnotes":""},"yoast_head":"<!-- This site is optimized with the Yoast SEO plugin v23.3 - https:\/\/yoast.com\/wordpress\/plugins\/seo\/ -->\n<title>About Us - The Daily Cripto<\/title>\n<meta name=\"robots\" content=\"index, follow, max-snippet:-1, max-image-preview:large, max-video-preview:-1\" \/>\n<link rel=\"canonical\" href=\"https:\/\/thedailycripto.com\/es\/about-us\/\" \/>\n<meta property=\"og:locale\" content=\"es_MX\" \/>\n<meta property=\"og:type\" content=\"article\" \/>\n<meta property=\"og:title\" content=\"About Us - The Daily Cripto\" \/>\n<meta property=\"og:description\" content=\"Welcome to The Daily Cripto \u2014 your trusted destination for reliable financial insight, with a dedicated focus on the world of cryptocurrencies, personal finance, and economic trends. We deliver expert reviews of financial tools, in-depth analysis of market behaviour, and practical advice to help you make confident, informed decisions. Whether you&#8217;re managing a household budget, [&hellip;]\" \/>\n<meta property=\"og:url\" content=\"https:\/\/thedailycripto.com\/es\/about-us\/\" \/>\n<meta property=\"og:site_name\" content=\"The Daily Cripto\" \/>\n<meta property=\"article:modified_time\" content=\"2025-05-05T13:16:15+00:00\" \/>\n<meta name=\"twitter:card\" content=\"summary_large_image\" \/>\n<meta name=\"twitter:label1\" content=\"Est. reading time\" \/>\n\t<meta name=\"twitter:data1\" content=\"2 minutos\" \/>\n<script type=\"application\/ld+json\" class=\"yoast-schema-graph\">{\"@context\":\"https:\/\/schema.org\",\"@graph\":[{\"@type\":\"WebPage\",\"@id\":\"https:\/\/thedailycripto.com\/es\/about-us\/\",\"url\":\"https:\/\/thedailycripto.com\/es\/about-us\/\",\"name\":\"About Us - The Daily Cripto\",\"isPartOf\":{\"@id\":\"https:\/\/thedailycripto.com\/#website\"},\"datePublished\":\"2025-05-05T13:02:37+00:00\",\"dateModified\":\"2025-05-05T13:16:15+00:00\",\"breadcrumb\":{\"@id\":\"https:\/\/thedailycripto.com\/es\/about-us\/#breadcrumb\"},\"inLanguage\":\"es-MX\",\"potentialAction\":[{\"@type\":\"ReadAction\",\"target\":[\"https:\/\/thedailycripto.com\/es\/about-us\/\"]}]},{\"@type\":\"BreadcrumbList\",\"@id\":\"https:\/\/thedailycripto.com\/es\/about-us\/#breadcrumb\",\"itemListElement\":[{\"@type\":\"ListItem\",\"position\":1,\"name\":\"Home\",\"item\":\"https:\/\/thedailycripto.com\/\"},{\"@type\":\"ListItem\",\"position\":2,\"name\":\"About Us\"}]},{\"@type\":\"WebSite\",\"@id\":\"https:\/\/thedailycripto.com\/#website\",\"url\":\"https:\/\/thedailycripto.com\/\",\"name\":\"The Daily Cripto\",\"description\":\"\",\"potentialAction\":[{\"@type\":\"SearchAction\",\"target\":{\"@type\":\"EntryPoint\",\"urlTemplate\":\"https:\/\/thedailycripto.com\/?s={search_term_string}\"},\"query-input\":\"required name=search_term_string\"}],\"inLanguage\":\"es-MX\"}]}<\/script>\n<!-- \/ Yoast SEO plugin. -->","yoast_head_json":{"title":"About Us - The Daily Cripto","robots":{"index":"index","follow":"follow","max-snippet":"max-snippet:-1","max-image-preview":"max-image-preview:large","max-video-preview":"max-video-preview:-1"},"canonical":"https:\/\/thedailycripto.com\/es\/about-us\/","og_locale":"es_MX","og_type":"article","og_title":"About Us - The Daily Cripto","og_description":"Welcome to The Daily Cripto \u2014 your trusted destination for reliable financial insight, with a dedicated focus on the world of cryptocurrencies, personal finance, and economic trends. We deliver expert reviews of financial tools, in-depth analysis of market behaviour, and practical advice to help you make confident, informed decisions. Whether you&#8217;re managing a household budget, [&hellip;]","og_url":"https:\/\/thedailycripto.com\/es\/about-us\/","og_site_name":"The Daily Cripto","article_modified_time":"2025-05-05T13:16:15+00:00","twitter_card":"summary_large_image","twitter_misc":{"Est. reading time":"2 minutos"},"schema":{"@context":"https:\/\/schema.org","@graph":[{"@type":"WebPage","@id":"https:\/\/thedailycripto.com\/es\/about-us\/","url":"https:\/\/thedailycripto.com\/es\/about-us\/","name":"About Us - The Daily Cripto","isPartOf":{"@id":"https:\/\/thedailycripto.com\/#website"},"datePublished":"2025-05-05T13:02:37+00:00","dateModified":"2025-05-05T13:16:15+00:00","breadcrumb":{"@id":"https:\/\/thedailycripto.com\/es\/about-us\/#breadcrumb"},"inLanguage":"es-MX","potentialAction":[{"@type":"ReadAction","target":["https:\/\/thedailycripto.com\/es\/about-us\/"]}]},{"@type":"BreadcrumbList","@id":"https:\/\/thedailycripto.com\/es\/about-us\/#breadcrumb","itemListElement":[{"@type":"ListItem","position":1,"name":"Home","item":"https:\/\/thedailycripto.com\/"},{"@type":"ListItem","position":2,"name":"About Us"}]},{"@type":"WebSite","@id":"https:\/\/thedailycripto.com\/#website","url":"https:\/\/thedailycripto.com\/","name":"The Daily Cripto","description":"","potentialAction":[{"@type":"SearchAction","target":{"@type":"EntryPoint","urlTemplate":"https:\/\/thedailycripto.com\/?s={search_term_string}"},"query-input":"required name=search_term_string"}],"inLanguage":"es-MX"}]}},"_links":{"self":[{"href":"https:\/\/thedailycripto.com\/es\/wp-json\/wp\/v2\/pages\/138"}],"collection":[{"href":"https:\/\/thedailycripto.com\/es\/wp-json\/wp\/v2\/pages"}],"about":[{"href":"https:\/\/thedailycripto.com\/es\/wp-json\/wp\/v2\/types\/page"}],"author":[{"embeddable":true,"href":"https:\/\/thedailycripto.com\/es\/wp-json\/wp\/v2\/users\/6"}],"replies":[{"embeddable":true,"href":"https:\/\/thedailycripto.com\/es\/wp-json\/wp\/v2\/comments?post=138"}],"version-history":[{"count":2,"href":"https:\/\/thedailycripto.com\/es\/wp-json\/wp\/v2\/pages\/138\/revisions"}],"predecessor-version":[{"id":148,"href":"https:\/\/thedailycripto.com\/es\/wp-json\/wp\/v2\/pages\/138\/revisions\/148"}],"wp:attachment":[{"href":"https:\/\/thedailycripto.com\/es\/wp-json\/wp\/v2\/media?parent=138"}],"curies":[{"name":"wp","href":"https:\/\/api.w.org\/{rel}","templated":true}]}}