{"id":138,"date":"2025-05-05T13:02:37","date_gmt":"2025-05-05T13:02:37","guid":{"rendered":"https:\/\/thedailycripto.com\/?page_id=138"},"modified":"2025-05-05T13:16:15","modified_gmt":"2025-05-05T13:16:15","slug":"about-us","status":"publish","type":"page","link":"https:\/\/thedailycripto.com\/pt\/about-us\/","title":{"rendered":"Sobre n\u00f3s"},"content":{"rendered":"<p>Bem-vindo(a) ao <em>O Cripto Di\u00e1rio<\/em> \u2014 seu destino confi\u00e1vel para informa\u00e7\u00f5es financeiras precisas, com foco dedicado ao mundo de <strong>criptomoedas<\/strong>finan\u00e7as pessoais e tend\u00eancias econ\u00f4micas. <\/p>\n\n\n\n<p>Oferecemos an\u00e1lises especializadas de ferramentas financeiras, an\u00e1lises aprofundadas do comportamento do mercado e conselhos pr\u00e1ticos para ajud\u00e1-lo a tomar decis\u00f5es confiantes e bem informadas. <\/p>\n\n\n\n<p>Seja para gerenciar o or\u00e7amento dom\u00e9stico, explorar oportunidades de investimento ou mergulhar no espa\u00e7o cripto em r\u00e1pida evolu\u00e7\u00e3o, <em>O Cripto Di\u00e1rio<\/em> Est\u00e1 aqui para mant\u00ea-lo informado e um passo \u00e0 frente.<\/p>\n\n\n\n<h3 class=\"wp-block-heading\">Quem somos n\u00f3s.<\/h3>\n\n\n\n<p>No <em>O Cripto Di\u00e1rio<\/em>Somos uma equipe de profissionais experientes em finan\u00e7as, pesquisadores de criptomoedas e entusiastas de ativos digitais, comprometidos em desmistificar o mundo financeiro. Nosso objetivo \u00e9 simplificar a complexidade e fornecer insights honestos e bem fundamentados que agreguem valor real. <\/p>\n\n\n\n<p>Desde a an\u00e1lise de plataformas blockchain de ponta at\u00e9 a explica\u00e7\u00e3o das \u00faltimas novidades em fintech e finan\u00e7as descentralizadas (DeFi), capacitamos as pessoas a assumirem o controle de seus futuros financeiros com confian\u00e7a e clareza.<\/p>\n\n\n\n<h3 class=\"wp-block-heading\">O que oferecemos.<\/h3>\n\n\n\n<p>No <em>O Cripto Di\u00e1rio<\/em>Criamos conte\u00fado tanto para leitores do dia a dia quanto para mentes curiosas sobre finan\u00e7as que buscam ferramentas confi\u00e1veis e um entendimento financeiro mais profundo. Veja o que voc\u00ea pode esperar:<\/p>\n\n\n\n<p>\u2714 <strong>Principais ferramentas financeiras e de criptomoedas<\/strong> Descubra aplicativos de or\u00e7amento, plataformas de investimento e corretoras de criptomoedas poderosas para simplificar sua vida financeira e desbloquear novas oportunidades.<\/p>\n\n\n\n<p>\u2714 <strong>Guias passo a passo sobre finan\u00e7as e criptomoedas<\/strong> Aprenda a navegar no mundo do cr\u00e9dito, poupan\u00e7a, carteiras blockchain, protocolos DeFi e muito mais atrav\u00e9s de tutoriais f\u00e1ceis de seguir para todos os n\u00edveis de experi\u00eancia.<\/p>\n\n\n\n<p>\u2714 <strong>\u00daltimas an\u00e1lises sobre criptomoedas e finan\u00e7as<\/strong> \u2013 Mantenha-se atualizado sobre as tend\u00eancias de ativos digitais, mudan\u00e7as regulat\u00f3rias, movimentos de mercado e o futuro das fintechs e tecnologias descentralizadas.<\/p>\n\n\n\n<p>\u2714 <strong>An\u00e1lise detalhada de finan\u00e7as e blockchain<\/strong> \u2013 Compreenda o impacto mais amplo da infla\u00e7\u00e3o, das taxas de juros e da ado\u00e7\u00e3o de criptomoedas em suas finan\u00e7as pessoais e decis\u00f5es de investimento.<\/p>\n\n\n\n<p>\u2714 <strong>Avalia\u00e7\u00f5es imparciais<\/strong> \u2013 Nossas avalia\u00e7\u00f5es independentes de produtos financeiros tradicionais e de criptomoedas fornecem informa\u00e7\u00f5es claras e baseadas em evid\u00eancias para auxiliar em escolhas mais inteligentes.<\/p>\n\n\n\n<h3 class=\"wp-block-heading\">Aviso Legal.<\/h3>\n\n\n\n<p><em>O Cripto Di\u00e1rio<\/em> Operamos como uma fonte independente de informa\u00e7\u00f5es financeiras e relacionadas a criptomoedas. N\u00e3o temos v\u00ednculo com nenhum banco, plataforma blockchain ou provedor de servi\u00e7os mencionado neste site. Todo o conte\u00fado \u00e9 cuidadosamente pesquisado e apresentado de forma objetiva para auxiliar os leitores a navegar tanto no sistema financeiro tradicional quanto no mundo emergente dos ativos digitais.<\/p>\n\n\n\n<p>Nossas an\u00e1lises, guias e recomenda\u00e7\u00f5es t\u00eam car\u00e1ter meramente informativo e n\u00e3o devem ser consideradas como endossos, patroc\u00ednios ou aconselhamento financeiro formal. Embora nos esforcemos pela precis\u00e3o e imparcialidade, recomendamos fortemente que os usu\u00e1rios realizem suas pr\u00f3prias pesquisas antes de tomar decis\u00f5es financeiras ou de investimento com base em nosso conte\u00fado.<\/p>\n\n\n\n<p>Nossa miss\u00e3o \u00e9 clara: fornecer conte\u00fado transparente, confi\u00e1vel e minuciosamente pesquisado que lhe permita explorar o cen\u00e1rio financeiro e de criptomoedas com clareza e confian\u00e7a.<\/p>","protected":false},"excerpt":{"rendered":"<p>Bem-vindo ao The Daily Cripto \u2014 seu destino confi\u00e1vel para informa\u00e7\u00f5es financeiras precisas, com foco no mundo das criptomoedas, finan\u00e7as pessoais e tend\u00eancias econ\u00f4micas. Oferecemos an\u00e1lises especializadas de ferramentas financeiras, an\u00e1lises aprofundadas do comportamento do mercado e conselhos pr\u00e1ticos para ajud\u00e1-lo a tomar decis\u00f5es confiantes e bem informadas. Seja para gerenciar um or\u00e7amento dom\u00e9stico, [\u2026]<\/p>","protected":false},"author":6,"featured_media":0,"parent":0,"menu_order":0,"comment_status":"closed","ping_status":"closed","template":"","meta":{"footnotes":""},"yoast_head":"<!-- This site is optimized with the Yoast SEO plugin v23.3 - https:\/\/yoast.com\/wordpress\/plugins\/seo\/ -->\n<title>About Us - The Daily Cripto<\/title>\n<meta name=\"robots\" content=\"index, follow, max-snippet:-1, max-image-preview:large, max-video-preview:-1\" \/>\n<link rel=\"canonical\" href=\"https:\/\/thedailycripto.com\/pt\/about-us\/\" \/>\n<meta property=\"og:locale\" content=\"pt_BR\" \/>\n<meta property=\"og:type\" content=\"article\" \/>\n<meta property=\"og:title\" content=\"About Us - The Daily Cripto\" \/>\n<meta property=\"og:description\" content=\"Welcome to The Daily Cripto \u2014 your trusted destination for reliable financial insight, with a dedicated focus on the world of cryptocurrencies, personal finance, and economic trends. We deliver expert reviews of financial tools, in-depth analysis of market behaviour, and practical advice to help you make confident, informed decisions. Whether you&#8217;re managing a household budget, [&hellip;]\" \/>\n<meta property=\"og:url\" content=\"https:\/\/thedailycripto.com\/pt\/about-us\/\" \/>\n<meta property=\"og:site_name\" content=\"The Daily Cripto\" \/>\n<meta property=\"article:modified_time\" content=\"2025-05-05T13:16:15+00:00\" \/>\n<meta name=\"twitter:card\" content=\"summary_large_image\" \/>\n<meta name=\"twitter:label1\" content=\"Est. reading time\" \/>\n\t<meta name=\"twitter:data1\" content=\"2 minutos\" \/>\n<script type=\"application\/ld+json\" class=\"yoast-schema-graph\">{\"@context\":\"https:\/\/schema.org\",\"@graph\":[{\"@type\":\"WebPage\",\"@id\":\"https:\/\/thedailycripto.com\/es\/about-us\/\",\"url\":\"https:\/\/thedailycripto.com\/es\/about-us\/\",\"name\":\"About Us - The Daily Cripto\",\"isPartOf\":{\"@id\":\"https:\/\/thedailycripto.com\/#website\"},\"datePublished\":\"2025-05-05T13:02:37+00:00\",\"dateModified\":\"2025-05-05T13:16:15+00:00\",\"breadcrumb\":{\"@id\":\"https:\/\/thedailycripto.com\/es\/about-us\/#breadcrumb\"},\"inLanguage\":\"pt-BR\",\"potentialAction\":[{\"@type\":\"ReadAction\",\"target\":[\"https:\/\/thedailycripto.com\/es\/about-us\/\"]}]},{\"@type\":\"BreadcrumbList\",\"@id\":\"https:\/\/thedailycripto.com\/es\/about-us\/#breadcrumb\",\"itemListElement\":[{\"@type\":\"ListItem\",\"position\":1,\"name\":\"Home\",\"item\":\"https:\/\/thedailycripto.com\/\"},{\"@type\":\"ListItem\",\"position\":2,\"name\":\"About Us\"}]},{\"@type\":\"WebSite\",\"@id\":\"https:\/\/thedailycripto.com\/#website\",\"url\":\"https:\/\/thedailycripto.com\/\",\"name\":\"The Daily Cripto\",\"description\":\"\",\"potentialAction\":[{\"@type\":\"SearchAction\",\"target\":{\"@type\":\"EntryPoint\",\"urlTemplate\":\"https:\/\/thedailycripto.com\/?s={search_term_string}\"},\"query-input\":\"required name=search_term_string\"}],\"inLanguage\":\"pt-BR\"}]}<\/script>\n<!-- \/ Yoast SEO plugin. -->","yoast_head_json":{"title":"About Us - The Daily Cripto","robots":{"index":"index","follow":"follow","max-snippet":"max-snippet:-1","max-image-preview":"max-image-preview:large","max-video-preview":"max-video-preview:-1"},"canonical":"https:\/\/thedailycripto.com\/pt\/about-us\/","og_locale":"pt_BR","og_type":"article","og_title":"About Us - The Daily Cripto","og_description":"Welcome to The Daily Cripto \u2014 your trusted destination for reliable financial insight, with a dedicated focus on the world of cryptocurrencies, personal finance, and economic trends. We deliver expert reviews of financial tools, in-depth analysis of market behaviour, and practical advice to help you make confident, informed decisions. Whether you&#8217;re managing a household budget, [&hellip;]","og_url":"https:\/\/thedailycripto.com\/pt\/about-us\/","og_site_name":"The Daily Cripto","article_modified_time":"2025-05-05T13:16:15+00:00","twitter_card":"summary_large_image","twitter_misc":{"Est. reading time":"2 minutos"},"schema":{"@context":"https:\/\/schema.org","@graph":[{"@type":"WebPage","@id":"https:\/\/thedailycripto.com\/es\/about-us\/","url":"https:\/\/thedailycripto.com\/es\/about-us\/","name":"About Us - The Daily Cripto","isPartOf":{"@id":"https:\/\/thedailycripto.com\/#website"},"datePublished":"2025-05-05T13:02:37+00:00","dateModified":"2025-05-05T13:16:15+00:00","breadcrumb":{"@id":"https:\/\/thedailycripto.com\/es\/about-us\/#breadcrumb"},"inLanguage":"pt-BR","potentialAction":[{"@type":"ReadAction","target":["https:\/\/thedailycripto.com\/es\/about-us\/"]}]},{"@type":"BreadcrumbList","@id":"https:\/\/thedailycripto.com\/es\/about-us\/#breadcrumb","itemListElement":[{"@type":"ListItem","position":1,"name":"Home","item":"https:\/\/thedailycripto.com\/"},{"@type":"ListItem","position":2,"name":"About Us"}]},{"@type":"WebSite","@id":"https:\/\/thedailycripto.com\/#website","url":"https:\/\/thedailycripto.com\/","name":"The Daily Cripto","description":"","potentialAction":[{"@type":"SearchAction","target":{"@type":"EntryPoint","urlTemplate":"https:\/\/thedailycripto.com\/?s={search_term_string}"},"query-input":"required name=search_term_string"}],"inLanguage":"pt-BR"}]}},"_links":{"self":[{"href":"https:\/\/thedailycripto.com\/pt\/wp-json\/wp\/v2\/pages\/138"}],"collection":[{"href":"https:\/\/thedailycripto.com\/pt\/wp-json\/wp\/v2\/pages"}],"about":[{"href":"https:\/\/thedailycripto.com\/pt\/wp-json\/wp\/v2\/types\/page"}],"author":[{"embeddable":true,"href":"https:\/\/thedailycripto.com\/pt\/wp-json\/wp\/v2\/users\/6"}],"replies":[{"embeddable":true,"href":"https:\/\/thedailycripto.com\/pt\/wp-json\/wp\/v2\/comments?post=138"}],"version-history":[{"count":2,"href":"https:\/\/thedailycripto.com\/pt\/wp-json\/wp\/v2\/pages\/138\/revisions"}],"predecessor-version":[{"id":148,"href":"https:\/\/thedailycripto.com\/pt\/wp-json\/wp\/v2\/pages\/138\/revisions\/148"}],"wp:attachment":[{"href":"https:\/\/thedailycripto.com\/pt\/wp-json\/wp\/v2\/media?parent=138"}],"curies":[{"name":"wp","href":"https:\/\/api.w.org\/{rel}","templated":true}]}}